{"id":2156,"date":"2023-10-31T15:24:15","date_gmt":"2023-10-31T15:24:15","guid":{"rendered":"https:\/\/tuborectangular.pt\/a-propos-de-nous\/"},"modified":"2024-01-16T12:26:02","modified_gmt":"2024-01-16T12:26:02","slug":"a-propos-de-nous","status":"publish","type":"page","link":"https:\/\/tuborectangular.pt\/fr\/a-propos-de-nous\/","title":{"rendered":"\u00c0 propos de nous"},"content":{"rendered":"\t\t<div data-elementor-type=\"wp-page\" data-elementor-id=\"2156\" class=\"elementor elementor-2156 elementor-258\">\n\t\t\t\t\t\t<section class=\"elementor-section elementor-top-section elementor-element elementor-element-48b80f0 elementor-section-boxed elementor-section-height-default elementor-section-height-default\" data-id=\"48b80f0\" data-element_type=\"section\" data-e-type=\"section\">\n\t\t\t\t\t\t<div class=\"elementor-container elementor-column-gap-default\">\n\t\t\t\t\t<div class=\"elementor-column elementor-col-100 elementor-top-column elementor-element elementor-element-db4bd21\" data-id=\"db4bd21\" data-element_type=\"column\" data-e-type=\"column\">\n\t\t\t<div class=\"elementor-widget-wrap elementor-element-populated\">\n\t\t\t\t\t\t<div class=\"elementor-element elementor-element-cfeccd0 elementor-widget elementor-widget-spacer\" data-id=\"cfeccd0\" data-element_type=\"widget\" data-e-type=\"widget\" data-widget_type=\"spacer.default\">\n\t\t\t\t<div class=\"elementor-widget-container\">\n\t\t\t\t\t\t\t<div class=\"elementor-spacer\">\n\t\t\t<div class=\"elementor-spacer-inner\"><\/div>\n\t\t<\/div>\n\t\t\t\t\t\t<\/div>\n\t\t\t\t<\/div>\n\t\t\t\t\t<\/div>\n\t\t<\/div>\n\t\t\t\t\t<\/div>\n\t\t<\/section>\n\t\t\t\t<section class=\"elementor-section elementor-top-section elementor-element elementor-element-e3062dd elementor-section-boxed elementor-section-height-default elementor-section-height-default\" data-id=\"e3062dd\" data-element_type=\"section\" data-e-type=\"section\">\n\t\t\t\t\t\t<div class=\"elementor-container elementor-column-gap-default\">\n\t\t\t\t\t<div class=\"elementor-column elementor-col-50 elementor-top-column elementor-element elementor-element-3a6fd395\" data-id=\"3a6fd395\" data-element_type=\"column\" data-e-type=\"column\">\n\t\t\t<div class=\"elementor-widget-wrap elementor-element-populated\">\n\t\t\t\t\t\t<div class=\"elementor-element elementor-element-d78e63b elementor-widget elementor-widget-tw-about-section\" data-id=\"d78e63b\" data-element_type=\"widget\" data-e-type=\"widget\" data-widget_type=\"tw-about-section.default\">\n\t\t\t\t<div class=\"elementor-widget-container\">\n\t\t\t\t\t                <div class=\"aboutImg clearfix\">\r\n                                        <div class=\"i1 pull-right\">\r\n                        <img decoding=\"async\" src=\"https:\/\/tuborectangular.pt\/wp-content\/uploads\/2023\/10\/quem-somos-1.jpg\" alt=\"\">\r\n                    <\/div>\r\n                                                            <div class=\"i2 pull-left\">\r\n                        <img decoding=\"async\" src=\"https:\/\/tuborectangular.pt\/wp-content\/uploads\/2023\/10\/quem-somos-3.jpg\" class=\"si\" alt=\"\">\r\n                    <\/div>\r\n                                        <div class=\"yearsofexp\">\r\n                                                    <h2><span data-counter=\"15\" class=\"timer\">15<\/span>+<\/h2>\r\n                                                                            <span>Ann\u00e9es d&#039;exp\u00e9rience<\/span>\r\n                                            <\/div>\r\n                <\/div>\r\n                \t\t\t\t<\/div>\n\t\t\t\t<\/div>\n\t\t\t\t\t<\/div>\n\t\t<\/div>\n\t\t\t\t<div class=\"elementor-column elementor-col-50 elementor-top-column elementor-element elementor-element-1b59b223\" data-id=\"1b59b223\" data-element_type=\"column\" data-e-type=\"column\">\n\t\t\t<div class=\"elementor-widget-wrap elementor-element-populated\">\n\t\t\t\t\t\t<div class=\"elementor-element elementor-element-13387485 section_titles elementor-align-left elementor-widget elementor-widget-tw-section-title\" data-id=\"13387485\" data-element_type=\"widget\" data-e-type=\"widget\" data-widget_type=\"tw-section-title.default\">\n\t\t\t\t<div class=\"elementor-widget-container\">\n\t\t\t\t\t                    <h6 class=\"sub_title\">Tubo Rectangular<\/h6>\n                            <h2 class=\"sec_title \">\n                                    <span>Cr\u00e9atifs et professionnels<\/span>\n                            <\/h2>\n                \t\t\t\t<\/div>\n\t\t\t\t<\/div>\n\t\t\t\t<div class=\"elementor-element elementor-element-cb221ac text_align elementor-align-left elementor-widget elementor-widget-xs-heading\" data-id=\"cb221ac\" data-element_type=\"widget\" data-e-type=\"widget\" data-widget_type=\"xs-heading.default\">\n\t\t\t\t<div class=\"elementor-widget-container\">\n\t\t\t\t\t                <p class=\"ind_ps ind_lead\">Nous sommes toujours disponibles pour servir nos clients<\/p>\r\n            \t\t\t\t<\/div>\n\t\t\t\t<\/div>\n\t\t\t\t<div class=\"elementor-element elementor-element-779aab50 text_align elementor-align-left elementor-widget elementor-widget-xs-heading\" data-id=\"779aab50\" data-element_type=\"widget\" data-e-type=\"widget\" data-widget_type=\"xs-heading.default\">\n\t\t\t\t<div class=\"elementor-widget-container\">\n\t\t\t\t\t                <p class=\"ind_ps \">Nous sommes pr\u00e9sents sur le march\u00e9 depuis plus de 15 ans, veillant toujours \u00e0 ce que l'excellence soit toujours pr\u00e9sente dans tout travail r\u00e9alis\u00e9.\n<br>\nNous travaillons avec diff\u00e9rents mat\u00e9riaux, dont l'aluminium, le fer et l'acier inoxydable, entre autres. Nous r\u00e9alisons des meubles sur mesure, contactez-nous et demandez votre devis!<\/p>\r\n            \t\t\t\t<\/div>\n\t\t\t\t<\/div>\n\t\t\t\t<div class=\"elementor-element elementor-element-49444d30 btn_align elementor-align-left elementor-widget elementor-widget-tw-button\" data-id=\"49444d30\" data-element_type=\"widget\" data-e-type=\"widget\" data-widget_type=\"tw-button.default\">\n\t\t\t\t<div class=\"elementor-widget-container\">\n\t\t\t\t\t                    <a href=\"https:\/\/tuborectangular.pt\/fr\/contacts\/\"  target=\"_blank\"  rel=\"nofollow\" class=\"ind_btn\"><span>Demander un budget<\/span><\/a>\n                \t\t\t\t<\/div>\n\t\t\t\t<\/div>\n\t\t\t\t\t<\/div>\n\t\t<\/div>\n\t\t\t\t\t<\/div>\n\t\t<\/section>\n\t\t\t\t<section class=\"elementor-section elementor-top-section elementor-element elementor-element-3fd6bf9 elementor-section-boxed elementor-section-height-default elementor-section-height-default\" data-id=\"3fd6bf9\" data-element_type=\"section\" data-e-type=\"section\">\n\t\t\t\t\t\t<div class=\"elementor-container elementor-column-gap-default\">\n\t\t\t\t\t<div class=\"elementor-column elementor-col-25 elementor-top-column elementor-element elementor-element-82560eb\" data-id=\"82560eb\" data-element_type=\"column\" data-e-type=\"column\">\n\t\t\t<div class=\"elementor-widget-wrap elementor-element-populated\">\n\t\t\t\t\t\t<div class=\"elementor-element elementor-element-a6c31cd elementor-widget elementor-widget-image\" data-id=\"a6c31cd\" data-element_type=\"widget\" data-e-type=\"widget\" data-widget_type=\"image.default\">\n\t\t\t\t<div class=\"elementor-widget-container\">\n\t\t\t\t\t\t\t\t\t\t\t\t\t\t\t\t<a href=\"https:\/\/tuborectangular.pt\/wp-content\/uploads\/2023\/10\/tuborectangular-serralharia-01.jpg\" data-elementor-open-lightbox=\"yes\" data-elementor-lightbox-title=\"tuborectangular-serralharia-01\" data-e-action-hash=\"#elementor-action%3Aaction%3Dlightbox%26settings%3DeyJpZCI6MTgzOCwidXJsIjoiaHR0cHM6XC9cL3R1Ym9yZWN0YW5ndWxhci5wdFwvd3AtY29udGVudFwvdXBsb2Fkc1wvMjAyM1wvMTBcL3R1Ym9yZWN0YW5ndWxhci1zZXJyYWxoYXJpYS0wMS5qcGcifQ%3D%3D\">\n\t\t\t\t\t\t\t<img fetchpriority=\"high\" decoding=\"async\" width=\"480\" height=\"750\" src=\"https:\/\/tuborectangular.pt\/wp-content\/uploads\/2023\/10\/tuborectangular-serralharia-01.jpg\" class=\"attachment-large size-large wp-image-1838\" alt=\"\" srcset=\"https:\/\/tuborectangular.pt\/wp-content\/uploads\/2023\/10\/tuborectangular-serralharia-01.jpg 480w, https:\/\/tuborectangular.pt\/wp-content\/uploads\/2023\/10\/tuborectangular-serralharia-01-192x300.jpg 192w\" sizes=\"(max-width: 480px) 100vw, 480px\" \/>\t\t\t\t\t\t\t\t<\/a>\n\t\t\t\t\t\t\t\t\t\t\t\t\t\t\t<\/div>\n\t\t\t\t<\/div>\n\t\t\t\t\t<\/div>\n\t\t<\/div>\n\t\t\t\t<div class=\"elementor-column elementor-col-25 elementor-top-column elementor-element elementor-element-55ede79\" data-id=\"55ede79\" data-element_type=\"column\" data-e-type=\"column\">\n\t\t\t<div class=\"elementor-widget-wrap elementor-element-populated\">\n\t\t\t\t\t\t<div class=\"elementor-element elementor-element-c732d02 elementor-widget elementor-widget-image\" data-id=\"c732d02\" data-element_type=\"widget\" data-e-type=\"widget\" data-widget_type=\"image.default\">\n\t\t\t\t<div class=\"elementor-widget-container\">\n\t\t\t\t\t\t\t\t\t\t\t\t\t\t\t\t<a href=\"https:\/\/tuborectangular.pt\/wp-content\/uploads\/2023\/10\/tuborectangular-serralharia-02.jpg\" data-elementor-open-lightbox=\"yes\" data-elementor-lightbox-title=\"tuborectangular-serralharia-02\" data-e-action-hash=\"#elementor-action%3Aaction%3Dlightbox%26settings%3DeyJpZCI6MTg0MCwidXJsIjoiaHR0cHM6XC9cL3R1Ym9yZWN0YW5ndWxhci5wdFwvd3AtY29udGVudFwvdXBsb2Fkc1wvMjAyM1wvMTBcL3R1Ym9yZWN0YW5ndWxhci1zZXJyYWxoYXJpYS0wMi5qcGcifQ%3D%3D\">\n\t\t\t\t\t\t\t<img decoding=\"async\" width=\"480\" height=\"750\" src=\"https:\/\/tuborectangular.pt\/wp-content\/uploads\/2023\/10\/tuborectangular-serralharia-02.jpg\" class=\"attachment-large size-large wp-image-1840\" alt=\"\" srcset=\"https:\/\/tuborectangular.pt\/wp-content\/uploads\/2023\/10\/tuborectangular-serralharia-02.jpg 480w, https:\/\/tuborectangular.pt\/wp-content\/uploads\/2023\/10\/tuborectangular-serralharia-02-192x300.jpg 192w\" sizes=\"(max-width: 480px) 100vw, 480px\" \/>\t\t\t\t\t\t\t\t<\/a>\n\t\t\t\t\t\t\t\t\t\t\t\t\t\t\t<\/div>\n\t\t\t\t<\/div>\n\t\t\t\t\t<\/div>\n\t\t<\/div>\n\t\t\t\t<div class=\"elementor-column elementor-col-25 elementor-top-column elementor-element elementor-element-4f8ff82\" data-id=\"4f8ff82\" data-element_type=\"column\" data-e-type=\"column\">\n\t\t\t<div class=\"elementor-widget-wrap elementor-element-populated\">\n\t\t\t\t\t\t<div class=\"elementor-element elementor-element-043cf3e elementor-widget elementor-widget-image\" data-id=\"043cf3e\" data-element_type=\"widget\" data-e-type=\"widget\" data-widget_type=\"image.default\">\n\t\t\t\t<div class=\"elementor-widget-container\">\n\t\t\t\t\t\t\t\t\t\t\t\t\t\t\t\t<a href=\"https:\/\/tuborectangular.pt\/wp-content\/uploads\/2023\/10\/tuborectangular-serralharia-04.jpg\" data-elementor-open-lightbox=\"yes\" data-elementor-lightbox-title=\"tuborectangular-serralharia-04\" data-e-action-hash=\"#elementor-action%3Aaction%3Dlightbox%26settings%3DeyJpZCI6MTg0MiwidXJsIjoiaHR0cHM6XC9cL3R1Ym9yZWN0YW5ndWxhci5wdFwvd3AtY29udGVudFwvdXBsb2Fkc1wvMjAyM1wvMTBcL3R1Ym9yZWN0YW5ndWxhci1zZXJyYWxoYXJpYS0wNC5qcGcifQ%3D%3D\">\n\t\t\t\t\t\t\t<img decoding=\"async\" width=\"480\" height=\"750\" src=\"https:\/\/tuborectangular.pt\/wp-content\/uploads\/2023\/10\/tuborectangular-serralharia-04.jpg\" class=\"attachment-large size-large wp-image-1842\" alt=\"\" srcset=\"https:\/\/tuborectangular.pt\/wp-content\/uploads\/2023\/10\/tuborectangular-serralharia-04.jpg 480w, https:\/\/tuborectangular.pt\/wp-content\/uploads\/2023\/10\/tuborectangular-serralharia-04-192x300.jpg 192w\" sizes=\"(max-width: 480px) 100vw, 480px\" \/>\t\t\t\t\t\t\t\t<\/a>\n\t\t\t\t\t\t\t\t\t\t\t\t\t\t\t<\/div>\n\t\t\t\t<\/div>\n\t\t\t\t\t<\/div>\n\t\t<\/div>\n\t\t\t\t<div class=\"elementor-column elementor-col-25 elementor-top-column elementor-element elementor-element-d3b4f92\" data-id=\"d3b4f92\" data-element_type=\"column\" data-e-type=\"column\">\n\t\t\t<div class=\"elementor-widget-wrap elementor-element-populated\">\n\t\t\t\t\t\t<div class=\"elementor-element elementor-element-5c024d0 elementor-widget elementor-widget-image\" data-id=\"5c024d0\" data-element_type=\"widget\" data-e-type=\"widget\" data-widget_type=\"image.default\">\n\t\t\t\t<div class=\"elementor-widget-container\">\n\t\t\t\t\t\t\t\t\t\t\t\t\t\t\t\t<a href=\"https:\/\/tuborectangular.pt\/wp-content\/uploads\/2023\/10\/tuborectangular-serralharia-03.jpg\" data-elementor-open-lightbox=\"yes\" data-elementor-lightbox-title=\"tuborectangular-serralharia-03\" data-e-action-hash=\"#elementor-action%3Aaction%3Dlightbox%26settings%3DeyJpZCI6MTg0NCwidXJsIjoiaHR0cHM6XC9cL3R1Ym9yZWN0YW5ndWxhci5wdFwvd3AtY29udGVudFwvdXBsb2Fkc1wvMjAyM1wvMTBcL3R1Ym9yZWN0YW5ndWxhci1zZXJyYWxoYXJpYS0wMy5qcGcifQ%3D%3D\">\n\t\t\t\t\t\t\t<img loading=\"lazy\" decoding=\"async\" width=\"480\" height=\"750\" src=\"https:\/\/tuborectangular.pt\/wp-content\/uploads\/2023\/10\/tuborectangular-serralharia-03.jpg\" class=\"attachment-large size-large wp-image-1844\" alt=\"\" srcset=\"https:\/\/tuborectangular.pt\/wp-content\/uploads\/2023\/10\/tuborectangular-serralharia-03.jpg 480w, https:\/\/tuborectangular.pt\/wp-content\/uploads\/2023\/10\/tuborectangular-serralharia-03-192x300.jpg 192w\" sizes=\"(max-width: 480px) 100vw, 480px\" \/>\t\t\t\t\t\t\t\t<\/a>\n\t\t\t\t\t\t\t\t\t\t\t\t\t\t\t<\/div>\n\t\t\t\t<\/div>\n\t\t\t\t\t<\/div>\n\t\t<\/div>\n\t\t\t\t\t<\/div>\n\t\t<\/section>\n\t\t\t\t<section class=\"elementor-section elementor-top-section elementor-element elementor-element-36a20c56 elementor-section-boxed elementor-section-height-default elementor-section-height-default\" data-id=\"36a20c56\" data-element_type=\"section\" data-e-type=\"section\" data-settings=\"{&quot;background_background&quot;:&quot;classic&quot;}\">\n\t\t\t\t\t\t<div class=\"elementor-container elementor-column-gap-default\">\n\t\t\t\t\t<div class=\"elementor-column elementor-col-66 elementor-top-column elementor-element elementor-element-2b408b9f\" data-id=\"2b408b9f\" data-element_type=\"column\" data-e-type=\"column\">\n\t\t\t<div class=\"elementor-widget-wrap elementor-element-populated\">\n\t\t\t\t\t\t<div class=\"elementor-element elementor-element-f6635b6 callToaction elementor-align-left elementor-widget elementor-widget-tw-call-to-action\" data-id=\"f6635b6\" data-element_type=\"widget\" data-e-type=\"widget\" data-widget_type=\"tw-call-to-action.default\">\n\t\t\t\t<div class=\"elementor-widget-container\">\n\t\t\t\t\t                <div class=\"cta_left_02\">\n                                            <i class=\"twi-mobile-alt\"><\/i>\n                                                                <h6>Contactez-nous! Appeler vers le r\u00e9seau mobile national<\/h6>\n                                                                <h2>+351 916 011 332<\/h2>\n                                    <\/div>\n                \t\t\t\t<\/div>\n\t\t\t\t<\/div>\n\t\t\t\t\t<\/div>\n\t\t<\/div>\n\t\t\t\t<div class=\"elementor-column elementor-col-33 elementor-top-column elementor-element elementor-element-48d42ec9\" data-id=\"48d42ec9\" data-element_type=\"column\" data-e-type=\"column\">\n\t\t\t<div class=\"elementor-widget-wrap elementor-element-populated\">\n\t\t\t\t\t\t<div class=\"elementor-element elementor-element-741a0fbd btn_align elementor-align-right btn_align elementor-mobile-align-center elementor-widget elementor-widget-tw-button\" data-id=\"741a0fbd\" data-element_type=\"widget\" data-e-type=\"widget\" data-widget_type=\"tw-button.default\">\n\t\t\t\t<div class=\"elementor-widget-container\">\n\t\t\t\t\t                    <a href=\"https:\/\/tuborectangular.pt\/fr\/contacts\/\"  target=\"_blank\"  rel=\"nofollow\" class=\"ind_btn_icon\">\n                        <span>\n                                                         demander un budget                        <\/span>\n                    <\/a>\n                \t\t\t\t<\/div>\n\t\t\t\t<\/div>\n\t\t\t\t\t<\/div>\n\t\t<\/div>\n\t\t\t\t\t<\/div>\n\t\t<\/section>\n\t\t\t\t<\/div>\n\t\t","protected":false},"excerpt":{"rendered":"<p>15+ Ann\u00e9es d&#039;exp\u00e9rience Tubo Rectangular Cr\u00e9atifs et professionnels Nous sommes toujours disponibles pour servir nos clients Nous sommes pr\u00e9sents sur le march\u00e9 depuis plus de 15 ans, veillant toujours \u00e0 ce que l&rsquo;excellence soit toujours pr\u00e9sente dans tout travail r\u00e9alis\u00e9. Nous travaillons avec diff\u00e9rents mat\u00e9riaux, dont l&rsquo;aluminium, le fer et l&rsquo;acier inoxydable, entre autres. Nous [&hellip;]<\/p>\n","protected":false},"author":1,"featured_media":0,"parent":0,"menu_order":0,"comment_status":"closed","ping_status":"closed","template":"page-templates\/full-width.php","meta":{"footnotes":""},"class_list":["post-2156","page","type-page","status-publish","hentry"],"_links":{"self":[{"href":"https:\/\/tuborectangular.pt\/fr\/wp-json\/wp\/v2\/pages\/2156","targetHints":{"allow":["GET"]}}],"collection":[{"href":"https:\/\/tuborectangular.pt\/fr\/wp-json\/wp\/v2\/pages"}],"about":[{"href":"https:\/\/tuborectangular.pt\/fr\/wp-json\/wp\/v2\/types\/page"}],"author":[{"embeddable":true,"href":"https:\/\/tuborectangular.pt\/fr\/wp-json\/wp\/v2\/users\/1"}],"replies":[{"embeddable":true,"href":"https:\/\/tuborectangular.pt\/fr\/wp-json\/wp\/v2\/comments?post=2156"}],"version-history":[{"count":29,"href":"https:\/\/tuborectangular.pt\/fr\/wp-json\/wp\/v2\/pages\/2156\/revisions"}],"predecessor-version":[{"id":2853,"href":"https:\/\/tuborectangular.pt\/fr\/wp-json\/wp\/v2\/pages\/2156\/revisions\/2853"}],"wp:attachment":[{"href":"https:\/\/tuborectangular.pt\/fr\/wp-json\/wp\/v2\/media?parent=2156"}],"curies":[{"name":"wp","href":"https:\/\/api.w.org\/{rel}","templated":true}]}}