{"id":2140,"date":"2023-10-31T15:14:44","date_gmt":"2023-10-31T15:14:44","guid":{"rendered":"https:\/\/tuborectangular.pt\/portefeuille\/"},"modified":"2024-01-16T12:28:42","modified_gmt":"2024-01-16T12:28:42","slug":"portefeuille","status":"publish","type":"page","link":"https:\/\/tuborectangular.pt\/fr\/portefeuille\/","title":{"rendered":"Portefeuille"},"content":{"rendered":"\t\t<div data-elementor-type=\"wp-page\" data-elementor-id=\"2140\" class=\"elementor elementor-2140 elementor-335\">\n\t\t\t\t\t\t<section class=\"elementor-section elementor-top-section elementor-element elementor-element-3a62889 elementor-section-boxed elementor-section-height-default elementor-section-height-default\" data-id=\"3a62889\" data-element_type=\"section\" data-e-type=\"section\">\n\t\t\t\t\t\t<div class=\"elementor-container elementor-column-gap-default\">\n\t\t\t\t\t<div class=\"elementor-column elementor-col-100 elementor-top-column elementor-element elementor-element-99fcd08\" data-id=\"99fcd08\" data-element_type=\"column\" data-e-type=\"column\">\n\t\t\t<div class=\"elementor-widget-wrap elementor-element-populated\">\n\t\t\t\t\t\t<div class=\"elementor-element elementor-element-ab908c1 elementor-widget elementor-widget-spacer\" data-id=\"ab908c1\" data-element_type=\"widget\" data-e-type=\"widget\" data-widget_type=\"spacer.default\">\n\t\t\t\t<div class=\"elementor-widget-container\">\n\t\t\t\t\t\t\t<div class=\"elementor-spacer\">\n\t\t\t<div class=\"elementor-spacer-inner\"><\/div>\n\t\t<\/div>\n\t\t\t\t\t\t<\/div>\n\t\t\t\t<\/div>\n\t\t\t\t<div class=\"elementor-element elementor-element-83a0947 elementor-widget elementor-widget-text-editor\" data-id=\"83a0947\" data-element_type=\"widget\" data-e-type=\"widget\" data-widget_type=\"text-editor.default\">\n\t\t\t\t<div class=\"elementor-widget-container\">\n\t\t\t\t\t\t\t\t\t<p>Nous vous pr\u00e9sentons quelques exemples de travaux r\u00e9alis\u00e9s par Tubo Rectangular :<\/p>\t\t\t\t\t\t\t\t<\/div>\n\t\t\t\t<\/div>\n\t\t\t\t<div class=\"elementor-element elementor-element-2a74fc3 elementor-grid-3 elementor-grid-tablet-2 elementor-grid-mobile-1 elementor-widget elementor-widget-elementor-blog-posts\" data-id=\"2a74fc3\" data-element_type=\"widget\" data-e-type=\"widget\" data-settings=\"{&quot;columns&quot;:&quot;3&quot;,&quot;columns_tablet&quot;:&quot;2&quot;,&quot;columns_mobile&quot;:&quot;1&quot;}\" data-widget_type=\"elementor-blog-posts.default\">\n\t\t\t\t<div class=\"elementor-widget-container\">\n\t\t\t\t\t\t\t<div class=\"wpcap-grid\">\n\t\t\t\t\t\t<div class=\"wpcap-grid-container elementor-grid wpcap-grid-desktop-3 wpcap-grid-tablet-2 wpcap-grid-mobile-1 grid-meta-bottom\">\n\n\t\t\t\t\n        <article id=\"post-2566\" class=\"wpcap-post post-2566 post type-post status-publish format-gallery has-post-thumbnail hentry category-portefeuille post_format-post-format-gallery\">\n         \n            <div class=\"post-grid-inner\">\n            \t\n            \t\t\t\t<div class=\"post-grid-thumbnail\">\n\t\t\t\t<a href=\"https:\/\/tuborectangular.pt\/fr\/ferronnerie\/\">\n\t\t\t\t\t<img fetchpriority=\"high\" decoding=\"async\" width=\"2080\" height=\"1560\" src=\"https:\/\/tuborectangular.pt\/wp-content\/uploads\/2019\/12\/serralharia-trabalhos-em-ferro-19.jpg\" class=\"attachment-full size-full wp-post-image\" alt=\"\" srcset=\"https:\/\/tuborectangular.pt\/wp-content\/uploads\/2019\/12\/serralharia-trabalhos-em-ferro-19.jpg 2080w, https:\/\/tuborectangular.pt\/wp-content\/uploads\/2019\/12\/serralharia-trabalhos-em-ferro-19-300x225.jpg 300w, https:\/\/tuborectangular.pt\/wp-content\/uploads\/2019\/12\/serralharia-trabalhos-em-ferro-19-1024x768.jpg 1024w, https:\/\/tuborectangular.pt\/wp-content\/uploads\/2019\/12\/serralharia-trabalhos-em-ferro-19-768x576.jpg 768w, https:\/\/tuborectangular.pt\/wp-content\/uploads\/2019\/12\/serralharia-trabalhos-em-ferro-19-1536x1152.jpg 1536w, https:\/\/tuborectangular.pt\/wp-content\/uploads\/2019\/12\/serralharia-trabalhos-em-ferro-19-2048x1536.jpg 2048w\" sizes=\"(max-width: 2080px) 100vw, 2080px\" \/>\t\t\t\t<\/a>\n\t\t\t<\/div>\n        \n                <div class=\"post-grid-text-wrap\">\n               \t\t\t\t<h3 class=\"title\">\n\t\t\t<a href=\"https:\/\/tuborectangular.pt\/fr\/ferronnerie\/\">Ferronnerie<\/a>\n\t\t<\/h3>\n\t\t\t                \t                                <\/div>\n\n                \n            <\/div><!-- .blog-inner -->\n           \n        <\/article>\n\n        \n        <article id=\"post-2606\" class=\"wpcap-post post-2606 post type-post status-publish format-gallery has-post-thumbnail hentry category-portefeuille post_format-post-format-gallery\">\n         \n            <div class=\"post-grid-inner\">\n            \t\n            \t\t\t\t<div class=\"post-grid-thumbnail\">\n\t\t\t\t<a href=\"https:\/\/tuborectangular.pt\/fr\/ferronnerie-meubles\/\">\n\t\t\t\t\t<img decoding=\"async\" width=\"1248\" height=\"936\" src=\"https:\/\/tuborectangular.pt\/wp-content\/uploads\/2019\/12\/base-armario-inox-polido.jpg\" class=\"attachment-full size-full wp-post-image\" alt=\"\" srcset=\"https:\/\/tuborectangular.pt\/wp-content\/uploads\/2019\/12\/base-armario-inox-polido.jpg 1248w, https:\/\/tuborectangular.pt\/wp-content\/uploads\/2019\/12\/base-armario-inox-polido-300x225.jpg 300w, https:\/\/tuborectangular.pt\/wp-content\/uploads\/2019\/12\/base-armario-inox-polido-1024x768.jpg 1024w, https:\/\/tuborectangular.pt\/wp-content\/uploads\/2019\/12\/base-armario-inox-polido-768x576.jpg 768w\" sizes=\"(max-width: 1248px) 100vw, 1248px\" \/>\t\t\t\t<\/a>\n\t\t\t<\/div>\n        \n                <div class=\"post-grid-text-wrap\">\n               \t\t\t\t<h3 class=\"title\">\n\t\t\t<a href=\"https:\/\/tuborectangular.pt\/fr\/ferronnerie-meubles\/\">Ferronnerie &#8211; Meubles<\/a>\n\t\t<\/h3>\n\t\t\t                \t                                <\/div>\n\n                \n            <\/div><!-- .blog-inner -->\n           \n        <\/article>\n\n        \n        <article id=\"post-2627\" class=\"wpcap-post post-2627 post type-post status-publish format-gallery has-post-thumbnail hentry category-portefeuille post_format-post-format-gallery\">\n         \n            <div class=\"post-grid-inner\">\n            \t\n            \t\t\t\t<div class=\"post-grid-thumbnail\">\n\t\t\t\t<a href=\"https:\/\/tuborectangular.pt\/fr\/garde-corps-en-acier-inoxydable\/\">\n\t\t\t\t\t<img decoding=\"async\" width=\"1140\" height=\"855\" src=\"https:\/\/tuborectangular.pt\/wp-content\/uploads\/2019\/12\/Gradeamento-inox-27.jpg\" class=\"attachment-full size-full wp-post-image\" alt=\"\" srcset=\"https:\/\/tuborectangular.pt\/wp-content\/uploads\/2019\/12\/Gradeamento-inox-27.jpg 1140w, https:\/\/tuborectangular.pt\/wp-content\/uploads\/2019\/12\/Gradeamento-inox-27-300x225.jpg 300w, https:\/\/tuborectangular.pt\/wp-content\/uploads\/2019\/12\/Gradeamento-inox-27-1024x768.jpg 1024w, https:\/\/tuborectangular.pt\/wp-content\/uploads\/2019\/12\/Gradeamento-inox-27-768x576.jpg 768w\" sizes=\"(max-width: 1140px) 100vw, 1140px\" \/>\t\t\t\t<\/a>\n\t\t\t<\/div>\n        \n                <div class=\"post-grid-text-wrap\">\n               \t\t\t\t<h3 class=\"title\">\n\t\t\t<a href=\"https:\/\/tuborectangular.pt\/fr\/garde-corps-en-acier-inoxydable\/\">Garde-corps en acier inoxydable<\/a>\n\t\t<\/h3>\n\t\t\t                \t                                <\/div>\n\n                \n            <\/div><!-- .blog-inner -->\n           \n        <\/article>\n\n        \n        <article id=\"post-2637\" class=\"wpcap-post post-2637 post type-post status-publish format-gallery has-post-thumbnail hentry category-portefeuille post_format-post-format-gallery\">\n         \n            <div class=\"post-grid-inner\">\n            \t\n            \t\t\t\t<div class=\"post-grid-thumbnail\">\n\t\t\t\t<a href=\"https:\/\/tuborectangular.pt\/fr\/garde-corps-en-acier-inoxydable-avec-verre-translucide\/\">\n\t\t\t\t\t<img loading=\"lazy\" decoding=\"async\" width=\"1664\" height=\"1248\" src=\"https:\/\/tuborectangular.pt\/wp-content\/uploads\/2019\/12\/gradeamento-inox-vidro-24.jpg\" class=\"attachment-full size-full wp-post-image\" alt=\"\" srcset=\"https:\/\/tuborectangular.pt\/wp-content\/uploads\/2019\/12\/gradeamento-inox-vidro-24.jpg 1664w, https:\/\/tuborectangular.pt\/wp-content\/uploads\/2019\/12\/gradeamento-inox-vidro-24-300x225.jpg 300w, https:\/\/tuborectangular.pt\/wp-content\/uploads\/2019\/12\/gradeamento-inox-vidro-24-1024x768.jpg 1024w, https:\/\/tuborectangular.pt\/wp-content\/uploads\/2019\/12\/gradeamento-inox-vidro-24-768x576.jpg 768w, https:\/\/tuborectangular.pt\/wp-content\/uploads\/2019\/12\/gradeamento-inox-vidro-24-1536x1152.jpg 1536w\" sizes=\"(max-width: 1664px) 100vw, 1664px\" \/>\t\t\t\t<\/a>\n\t\t\t<\/div>\n        \n                <div class=\"post-grid-text-wrap\">\n               \t\t\t\t<h3 class=\"title\">\n\t\t\t<a href=\"https:\/\/tuborectangular.pt\/fr\/garde-corps-en-acier-inoxydable-avec-verre-translucide\/\">Garde-corps en acier inoxydable avec verre translucide<\/a>\n\t\t<\/h3>\n\t\t\t                \t                                <\/div>\n\n                \n            <\/div><!-- .blog-inner -->\n           \n        <\/article>\n\n        \n        <article id=\"post-2647\" class=\"wpcap-post post-2647 post type-post status-publish format-gallery has-post-thumbnail hentry category-portefeuille post_format-post-format-gallery\">\n         \n            <div class=\"post-grid-inner\">\n            \t\n            \t\t\t\t<div class=\"post-grid-thumbnail\">\n\t\t\t\t<a href=\"https:\/\/tuborectangular.pt\/fr\/garde-corps-en-acier-inoxydable-brosse-avec-verre-depoli\/\">\n\t\t\t\t\t<img loading=\"lazy\" decoding=\"async\" width=\"2048\" height=\"1536\" src=\"https:\/\/tuborectangular.pt\/wp-content\/uploads\/2019\/12\/gradeamento-inox-escovado-vidro-fosco-06.jpg\" class=\"attachment-full size-full wp-post-image\" alt=\"\" srcset=\"https:\/\/tuborectangular.pt\/wp-content\/uploads\/2019\/12\/gradeamento-inox-escovado-vidro-fosco-06.jpg 2048w, https:\/\/tuborectangular.pt\/wp-content\/uploads\/2019\/12\/gradeamento-inox-escovado-vidro-fosco-06-300x225.jpg 300w, https:\/\/tuborectangular.pt\/wp-content\/uploads\/2019\/12\/gradeamento-inox-escovado-vidro-fosco-06-1024x768.jpg 1024w, https:\/\/tuborectangular.pt\/wp-content\/uploads\/2019\/12\/gradeamento-inox-escovado-vidro-fosco-06-768x576.jpg 768w, https:\/\/tuborectangular.pt\/wp-content\/uploads\/2019\/12\/gradeamento-inox-escovado-vidro-fosco-06-1536x1152.jpg 1536w\" sizes=\"(max-width: 2048px) 100vw, 2048px\" \/>\t\t\t\t<\/a>\n\t\t\t<\/div>\n        \n                <div class=\"post-grid-text-wrap\">\n               \t\t\t\t<h3 class=\"title\">\n\t\t\t<a href=\"https:\/\/tuborectangular.pt\/fr\/garde-corps-en-acier-inoxydable-brosse-avec-verre-depoli\/\">Garde-corps en acier inoxydable bross\u00e9 avec verre d\u00e9poli<\/a>\n\t\t<\/h3>\n\t\t\t                \t                                <\/div>\n\n                \n            <\/div><!-- .blog-inner -->\n           \n        <\/article>\n\n        \n        <article id=\"post-2617\" class=\"wpcap-post post-2617 post type-post status-publish format-gallery has-post-thumbnail hentry category-portefeuille post_format-post-format-gallery\">\n         \n            <div class=\"post-grid-inner\">\n            \t\n            \t\t\t\t<div class=\"post-grid-thumbnail\">\n\t\t\t\t<a href=\"https:\/\/tuborectangular.pt\/fr\/garde-corps-en-acier-inoxydable-poli\/\">\n\t\t\t\t\t<img loading=\"lazy\" decoding=\"async\" width=\"1280\" height=\"960\" src=\"https:\/\/tuborectangular.pt\/wp-content\/uploads\/2019\/12\/gradeamentos-inox-polido-04.jpg\" class=\"attachment-full size-full wp-post-image\" alt=\"\" srcset=\"https:\/\/tuborectangular.pt\/wp-content\/uploads\/2019\/12\/gradeamentos-inox-polido-04.jpg 1280w, https:\/\/tuborectangular.pt\/wp-content\/uploads\/2019\/12\/gradeamentos-inox-polido-04-300x225.jpg 300w, https:\/\/tuborectangular.pt\/wp-content\/uploads\/2019\/12\/gradeamentos-inox-polido-04-1024x768.jpg 1024w, https:\/\/tuborectangular.pt\/wp-content\/uploads\/2019\/12\/gradeamentos-inox-polido-04-768x576.jpg 768w\" sizes=\"(max-width: 1280px) 100vw, 1280px\" \/>\t\t\t\t<\/a>\n\t\t\t<\/div>\n        \n                <div class=\"post-grid-text-wrap\">\n               \t\t\t\t<h3 class=\"title\">\n\t\t\t<a href=\"https:\/\/tuborectangular.pt\/fr\/garde-corps-en-acier-inoxydable-poli\/\">Garde-corps en acier inoxydable poli<\/a>\n\t\t<\/h3>\n\t\t\t                \t                                <\/div>\n\n                \n            <\/div><!-- .blog-inner -->\n           \n        <\/article>\n\n        \n        <article id=\"post-2596\" class=\"wpcap-post post-2596 post type-post status-publish format-gallery has-post-thumbnail hentry category-portefeuille post_format-post-format-gallery\">\n         \n            <div class=\"post-grid-inner\">\n            \t\n            \t\t\t\t<div class=\"post-grid-thumbnail\">\n\t\t\t\t<a href=\"https:\/\/tuborectangular.pt\/fr\/passerelle-en-acier-inoxydable\/\">\n\t\t\t\t\t<img loading=\"lazy\" decoding=\"async\" width=\"2144\" height=\"1608\" src=\"https:\/\/tuborectangular.pt\/wp-content\/uploads\/2019\/12\/passamao-inox-4.jpg\" class=\"attachment-full size-full wp-post-image\" alt=\"\" srcset=\"https:\/\/tuborectangular.pt\/wp-content\/uploads\/2019\/12\/passamao-inox-4.jpg 2144w, https:\/\/tuborectangular.pt\/wp-content\/uploads\/2019\/12\/passamao-inox-4-300x225.jpg 300w, https:\/\/tuborectangular.pt\/wp-content\/uploads\/2019\/12\/passamao-inox-4-1024x768.jpg 1024w, https:\/\/tuborectangular.pt\/wp-content\/uploads\/2019\/12\/passamao-inox-4-768x576.jpg 768w, https:\/\/tuborectangular.pt\/wp-content\/uploads\/2019\/12\/passamao-inox-4-1536x1152.jpg 1536w, https:\/\/tuborectangular.pt\/wp-content\/uploads\/2019\/12\/passamao-inox-4-2048x1536.jpg 2048w\" sizes=\"(max-width: 2144px) 100vw, 2144px\" \/>\t\t\t\t<\/a>\n\t\t\t<\/div>\n        \n                <div class=\"post-grid-text-wrap\">\n               \t\t\t\t<h3 class=\"title\">\n\t\t\t<a href=\"https:\/\/tuborectangular.pt\/fr\/passerelle-en-acier-inoxydable\/\">Passerelle en acier inoxydable<\/a>\n\t\t<\/h3>\n\t\t\t                \t                                <\/div>\n\n                \n            <\/div><!-- .blog-inner -->\n           \n        <\/article>\n\n        \n        <article id=\"post-2586\" class=\"wpcap-post post-2586 post type-post status-publish format-gallery has-post-thumbnail hentry category-portefeuille post_format-post-format-gallery\">\n         \n            <div class=\"post-grid-inner\">\n            \t\n            \t\t\t\t<div class=\"post-grid-thumbnail\">\n\t\t\t\t<a href=\"https:\/\/tuborectangular.pt\/fr\/passerelle-en-inox-et-bois\/\">\n\t\t\t\t\t<img loading=\"lazy\" decoding=\"async\" width=\"2144\" height=\"1608\" src=\"https:\/\/tuborectangular.pt\/wp-content\/uploads\/2019\/12\/passamao-inox-madeira-01.jpg\" class=\"attachment-full size-full wp-post-image\" alt=\"\" srcset=\"https:\/\/tuborectangular.pt\/wp-content\/uploads\/2019\/12\/passamao-inox-madeira-01.jpg 2144w, https:\/\/tuborectangular.pt\/wp-content\/uploads\/2019\/12\/passamao-inox-madeira-01-300x225.jpg 300w, https:\/\/tuborectangular.pt\/wp-content\/uploads\/2019\/12\/passamao-inox-madeira-01-1024x768.jpg 1024w, https:\/\/tuborectangular.pt\/wp-content\/uploads\/2019\/12\/passamao-inox-madeira-01-768x576.jpg 768w, https:\/\/tuborectangular.pt\/wp-content\/uploads\/2019\/12\/passamao-inox-madeira-01-1536x1152.jpg 1536w, https:\/\/tuborectangular.pt\/wp-content\/uploads\/2019\/12\/passamao-inox-madeira-01-2048x1536.jpg 2048w\" sizes=\"(max-width: 2144px) 100vw, 2144px\" \/>\t\t\t\t<\/a>\n\t\t\t<\/div>\n        \n                <div class=\"post-grid-text-wrap\">\n               \t\t\t\t<h3 class=\"title\">\n\t\t\t<a href=\"https:\/\/tuborectangular.pt\/fr\/passerelle-en-inox-et-bois\/\">Passerelle en inox et bois<\/a>\n\t\t<\/h3>\n\t\t\t                \t                                <\/div>\n\n                \n            <\/div><!-- .blog-inner -->\n           \n        <\/article>\n\n        \n        <article id=\"post-2576\" class=\"wpcap-post post-2576 post type-post status-publish format-gallery has-post-thumbnail hentry category-portefeuille post_format-post-format-gallery\">\n         \n            <div class=\"post-grid-inner\">\n            \t\n            \t\t\t\t<div class=\"post-grid-thumbnail\">\n\t\t\t\t<a href=\"https:\/\/tuborectangular.pt\/fr\/portails-sectionnels\/\">\n\t\t\t\t\t<img loading=\"lazy\" decoding=\"async\" width=\"1296\" height=\"972\" src=\"https:\/\/tuborectangular.pt\/wp-content\/uploads\/2023\/10\/portao-seccionado.jpg\" class=\"attachment-full size-full wp-post-image\" alt=\"\" srcset=\"https:\/\/tuborectangular.pt\/wp-content\/uploads\/2023\/10\/portao-seccionado.jpg 1296w, https:\/\/tuborectangular.pt\/wp-content\/uploads\/2023\/10\/portao-seccionado-300x225.jpg 300w, https:\/\/tuborectangular.pt\/wp-content\/uploads\/2023\/10\/portao-seccionado-1024x768.jpg 1024w, https:\/\/tuborectangular.pt\/wp-content\/uploads\/2023\/10\/portao-seccionado-768x576.jpg 768w\" sizes=\"(max-width: 1296px) 100vw, 1296px\" \/>\t\t\t\t<\/a>\n\t\t\t<\/div>\n        \n                <div class=\"post-grid-text-wrap\">\n               \t\t\t\t<h3 class=\"title\">\n\t\t\t<a href=\"https:\/\/tuborectangular.pt\/fr\/portails-sectionnels\/\">Portails sectionnels<\/a>\n\t\t<\/h3>\n\t\t\t                \t                                <\/div>\n\n                \n            <\/div><!-- .blog-inner -->\n           \n        <\/article>\n\n        \n\t\t\t<\/div>\n\t\t<\/div>\n\t\t\t\t\t\t<\/div>\n\t\t\t\t<\/div>\n\t\t\t\t<div class=\"elementor-element elementor-element-127ae52 elementor-widget elementor-widget-spacer\" data-id=\"127ae52\" data-element_type=\"widget\" data-e-type=\"widget\" data-widget_type=\"spacer.default\">\n\t\t\t\t<div class=\"elementor-widget-container\">\n\t\t\t\t\t\t\t<div class=\"elementor-spacer\">\n\t\t\t<div class=\"elementor-spacer-inner\"><\/div>\n\t\t<\/div>\n\t\t\t\t\t\t<\/div>\n\t\t\t\t<\/div>\n\t\t\t\t\t<\/div>\n\t\t<\/div>\n\t\t\t\t\t<\/div>\n\t\t<\/section>\n\t\t\t\t<section class=\"elementor-section elementor-top-section elementor-element elementor-element-562b65af elementor-section-boxed elementor-section-height-default elementor-section-height-default\" data-id=\"562b65af\" data-element_type=\"section\" data-e-type=\"section\" data-settings=\"{&quot;background_background&quot;:&quot;classic&quot;}\">\n\t\t\t\t\t\t<div class=\"elementor-container elementor-column-gap-default\">\n\t\t\t\t\t<div class=\"elementor-column elementor-col-66 elementor-top-column elementor-element elementor-element-f30a965\" data-id=\"f30a965\" data-element_type=\"column\" data-e-type=\"column\">\n\t\t\t<div class=\"elementor-widget-wrap elementor-element-populated\">\n\t\t\t\t\t\t<div class=\"elementor-element elementor-element-c7a896e callToaction elementor-align-left elementor-widget elementor-widget-tw-call-to-action\" data-id=\"c7a896e\" data-element_type=\"widget\" data-e-type=\"widget\" data-widget_type=\"tw-call-to-action.default\">\n\t\t\t\t<div class=\"elementor-widget-container\">\n\t\t\t\t\t                <div class=\"cta_left_02\">\n                                            <i class=\"twi-mobile-alt\"><\/i>\n                                                                <h6>Contactez-nous! Appeler vers le r\u00e9seau mobile national<\/h6>\n                                                                <h2>+351 916 011 332<\/h2>\n                                    <\/div>\n                \t\t\t\t<\/div>\n\t\t\t\t<\/div>\n\t\t\t\t\t<\/div>\n\t\t<\/div>\n\t\t\t\t<div class=\"elementor-column elementor-col-33 elementor-top-column elementor-element elementor-element-29a4a9e8\" data-id=\"29a4a9e8\" data-element_type=\"column\" data-e-type=\"column\">\n\t\t\t<div class=\"elementor-widget-wrap elementor-element-populated\">\n\t\t\t\t\t\t<div class=\"elementor-element elementor-element-29316d78 btn_align elementor-align-right btn_align elementor-mobile-align-center elementor-widget elementor-widget-tw-button\" data-id=\"29316d78\" data-element_type=\"widget\" data-e-type=\"widget\" data-widget_type=\"tw-button.default\">\n\t\t\t\t<div class=\"elementor-widget-container\">\n\t\t\t\t\t                    <a href=\"https:\/\/tuborectangular.pt\/fr\/contacts\/\"  target=\"_blank\"  rel=\"nofollow\" class=\"ind_btn_icon\">\n                        <span>\n                                                         demander un budget                        <\/span>\n                    <\/a>\n                \t\t\t\t<\/div>\n\t\t\t\t<\/div>\n\t\t\t\t\t<\/div>\n\t\t<\/div>\n\t\t\t\t\t<\/div>\n\t\t<\/section>\n\t\t\t\t<\/div>\n\t\t","protected":false},"excerpt":{"rendered":"<p>Nous vous pr\u00e9sentons quelques exemples de travaux r\u00e9alis\u00e9s par Tubo Rectangular : Ferronnerie Ferronnerie &#8211; Meubles Garde-corps en acier inoxydable Garde-corps en acier inoxydable avec verre translucide Garde-corps en acier inoxydable bross\u00e9 avec verre d\u00e9poli Garde-corps en acier inoxydable poli Passerelle en acier inoxydable Passerelle en inox et bois Portails sectionnels Contactez-nous! Appeler vers le [&hellip;]<\/p>\n","protected":false},"author":1,"featured_media":0,"parent":0,"menu_order":0,"comment_status":"closed","ping_status":"closed","template":"page-templates\/full-width.php","meta":{"footnotes":""},"class_list":["post-2140","page","type-page","status-publish","hentry"],"_links":{"self":[{"href":"https:\/\/tuborectangular.pt\/fr\/wp-json\/wp\/v2\/pages\/2140","targetHints":{"allow":["GET"]}}],"collection":[{"href":"https:\/\/tuborectangular.pt\/fr\/wp-json\/wp\/v2\/pages"}],"about":[{"href":"https:\/\/tuborectangular.pt\/fr\/wp-json\/wp\/v2\/types\/page"}],"author":[{"embeddable":true,"href":"https:\/\/tuborectangular.pt\/fr\/wp-json\/wp\/v2\/users\/1"}],"replies":[{"embeddable":true,"href":"https:\/\/tuborectangular.pt\/fr\/wp-json\/wp\/v2\/comments?post=2140"}],"version-history":[{"count":11,"href":"https:\/\/tuborectangular.pt\/fr\/wp-json\/wp\/v2\/pages\/2140\/revisions"}],"predecessor-version":[{"id":2865,"href":"https:\/\/tuborectangular.pt\/fr\/wp-json\/wp\/v2\/pages\/2140\/revisions\/2865"}],"wp:attachment":[{"href":"https:\/\/tuborectangular.pt\/fr\/wp-json\/wp\/v2\/media?parent=2140"}],"curies":[{"name":"wp","href":"https:\/\/api.w.org\/{rel}","templated":true}]}}