{"id":2136,"date":"2023-10-31T15:13:45","date_gmt":"2023-10-31T15:13:45","guid":{"rendered":"https:\/\/tuborectangular.pt\/politique-de-confidentialite\/"},"modified":"2023-11-01T20:29:41","modified_gmt":"2023-11-01T20:29:41","slug":"politique-de-confidentialite","status":"publish","type":"page","link":"https:\/\/tuborectangular.pt\/fr\/politique-de-confidentialite\/","title":{"rendered":"Politique de Confidentialit\u00e9"},"content":{"rendered":"\t\t<div data-elementor-type=\"wp-page\" data-elementor-id=\"2136\" class=\"elementor elementor-2136 elementor-958\">\n\t\t\t\t\t\t<section class=\"elementor-section elementor-top-section elementor-element elementor-element-ca68f39 elementor-section-boxed elementor-section-height-default elementor-section-height-default\" data-id=\"ca68f39\" data-element_type=\"section\" data-e-type=\"section\">\n\t\t\t\t\t\t<div class=\"elementor-container elementor-column-gap-default\">\n\t\t\t\t\t<div class=\"elementor-column elementor-col-100 elementor-top-column elementor-element elementor-element-6190895\" data-id=\"6190895\" data-element_type=\"column\" data-e-type=\"column\">\n\t\t\t<div class=\"elementor-widget-wrap elementor-element-populated\">\n\t\t\t\t\t\t<div class=\"elementor-element elementor-element-5085166 elementor-widget elementor-widget-spacer\" data-id=\"5085166\" data-element_type=\"widget\" data-e-type=\"widget\" data-widget_type=\"spacer.default\">\n\t\t\t\t<div class=\"elementor-widget-container\">\n\t\t\t\t\t\t\t<div class=\"elementor-spacer\">\n\t\t\t<div class=\"elementor-spacer-inner\"><\/div>\n\t\t<\/div>\n\t\t\t\t\t\t<\/div>\n\t\t\t\t<\/div>\n\t\t\t\t<div class=\"elementor-element elementor-element-194fd7e elementor-widget elementor-widget-text-editor\" data-id=\"194fd7e\" data-element_type=\"widget\" data-e-type=\"widget\" data-widget_type=\"text-editor.default\">\n\t\t\t\t<div class=\"elementor-widget-container\">\n\t\t\t\t\t\t\t\t\t<p>La confidentialit\u00e9 des utilisateurs est importante pour la soci\u00e9t\u00e9 Tubo Rectangular Unipessoal, Lda, ci-apr\u00e8s d\u00e9nomm\u00e9e TUBO RECTANGULAR.<br \/>TUBO RECTANGULAR s&rsquo;engage \u00e0 garantir la confidentialit\u00e9 et le respect de la vie priv\u00e9e dans la collecte et le traitement des donn\u00e9es de ses Clients et Utilisateurs, en respectant ses obligations en vertu du R\u00e8glement G\u00e9n\u00e9ral sur la Protection des Donn\u00e9es, ayant d\u00e9velopp\u00e9 cette Politique de Confidentialit\u00e9 \u00e0 cet effet.<\/p><p><strong>Port\u00e9e g\u00e9n\u00e9rale\u00a0:<\/strong><br \/>TUBO RECTANGULAR est responsable de cette politique de confidentialit\u00e9. Cela couvre ce site Web, ainsi que d&rsquo;autres sites Web, microsites, formulaires et documents qui mentionnent cette politique.<br \/>Dans le cadre de la pr\u00e9sente Politique de Confidentialit\u00e9, TUBO RECTANGULAR est d\u00e9fini comme :<br \/>le Client : toute entit\u00e9 qui ach\u00e8te nos produits ;<br \/>l&rsquo;Utilisateur : tout visiteur de ce site Internet.<br \/>TUBO RECTANGULAR se r\u00e9serve le droit de mettre \u00e0 jour ou de modifier sa Politique de Confidentialit\u00e9 \u00e0 tout moment, notamment afin de l&rsquo;adapter aux \u00e9volutions l\u00e9gislatives. Il est donc conseill\u00e9 \u00e0 l&rsquo;utilisateur de visiter cette page r\u00e9guli\u00e8rement.<br \/>Consentement:<br \/>En utilisant ce site Web, vous donnez votre consentement \u00e0 la collecte et \u00e0 l&rsquo;utilisation d&rsquo;informations.<br \/>TUBO RECTANGULAR peut \u00e0 tout moment modifier, ajouter ou supprimer l&rsquo;une des politiques de confidentialit\u00e9 de son site Internet (https:\/\/tuborectangular.pt\/) en mettant \u00e0 jour le contenu de cette page.<\/p><p><strong>Donn\u00e9es collect\u00e9es :<\/strong><br \/>TUBO RECTANGULAR collecte les donn\u00e9es de ses Clients et Utilisateurs, en soumettant les formulaires existants \u00e0 cet effet, sous format num\u00e9rique et\/ou physique.<br \/>TUBO RECTANGULAR est l&rsquo;entit\u00e9 responsable de la collecte et du traitement de ces donn\u00e9es, d\u00e9cidant des cat\u00e9gories de donn\u00e9es collect\u00e9es, de la mani\u00e8re dont elles seront trait\u00e9es et des finalit\u00e9s pour lesquelles elles seront utilis\u00e9es.<br \/>Seront consid\u00e9r\u00e9es comme des \u00ab\u00a0traitements de donn\u00e9es personnelles\u00a0\u00bb toutes les proc\u00e9dures effectu\u00e9es de mani\u00e8re automatis\u00e9e et non automatis\u00e9e permettant la collecte, l&rsquo;organisation, le stockage, la modification et le transfert de donn\u00e9es personnelles.<\/p><p><strong>Utilisation des donn\u00e9es\u00a0:<\/strong><br \/>Les donn\u00e9es collect\u00e9es par TUBO RECTANGULAR sont destin\u00e9es au processus de communication avec les Clients et les Utilisateurs.<\/p><p><strong>Acc\u00e8s aux donn\u00e9es\u00a0:<\/strong><br \/>TUBO RECTANGULAR ne divulgue aucune donn\u00e9e personnelle de ses Clients et Utilisateurs \u00e0 des tiers sans leur consentement, sauf (1) lorsqu&rsquo;il s&rsquo;agit de soci\u00e9t\u00e9s du Groupe, ou (2) lorsque cela est n\u00e9cessaire pour les salari\u00e9s, employ\u00e9s, fournisseurs ou les partenaires commerciaux de TUBO RECTANGULAR peuvent fournir un produit ou un service ou ex\u00e9cuter une fonction au nom de TUBO RECTANGULAR, ou (3) lorsque la loi l&rsquo;exige ou le permet.<br \/>TUBO RECTANGULAR prendra des pr\u00e9cautions raisonnables pour garantir que ses employ\u00e9s ou collaborateurs ayant acc\u00e8s aux donn\u00e9es personnelles re\u00e7oivent une formation ad\u00e9quate sur leur bon traitement, dans le respect de cette politique et des obligations l\u00e9gales en mati\u00e8re de protection des donn\u00e9es. En cas de non-respect, TUBO RECTANGULAR appliquera des sanctions disciplinaires \u00e0 ses employ\u00e9s et collaborateurs.<br \/>Chaque fois que TUBO RECTANGULAR divulguera les donn\u00e9es personnelles de l&rsquo;utilisateur, elle garantira le respect de la loi sur la protection des donn\u00e9es personnelles, notamment par la fourniture de dispositions contractuelles garantissant que le tiers utilise les donn\u00e9es re\u00e7ues uniquement aux fins sp\u00e9cifi\u00e9es et conform\u00e9ment aux finalit\u00e9s d\u00e9crites. dans cette politique, et qui utilise des moyens de s\u00e9curit\u00e9 appropri\u00e9s, afin de prot\u00e9ger les donn\u00e9es personnelles de l&rsquo;utilisateur contre le traitement ill\u00e9gal ou non autoris\u00e9 ainsi que contre la perte accidentelle, la destruction ou d&rsquo;autres actions nuisibles.<\/p><p><strong>Stockage de donn\u00e9es<\/strong><br \/>TUBO RECTANGULAR stocke les donn\u00e9es de ses clients et Utilisateurs sur ses serveurs situ\u00e9s au Portugal. Ces serveurs sont prot\u00e9g\u00e9s et entretenus conform\u00e9ment \u00e0 des normes de s\u00e9curit\u00e9 \u00e9lev\u00e9es et afin de respecter les lois applicables en mati\u00e8re de confidentialit\u00e9.<\/p><p><strong>Dur\u00e9e de stockage des donn\u00e9es\u00a0:<\/strong><br \/>La dur\u00e9e de conservation et de conservation des donn\u00e9es personnelles des Clients et Utilisateurs du site TUBO RECTANGULAR varie en fonction de la finalit\u00e9.<br \/>Les donn\u00e9es personnelles des utilisateurs de notre site Web seront conserv\u00e9es jusqu&rsquo;\u00e0 ce qu&rsquo;ils restent actifs, \u00e9tant supprim\u00e9es \u00e0 la fin de cette utilisation.<br \/>Les donn\u00e9es clients et autres donn\u00e9es sp\u00e9cifiques \u00e0 conserver pour respecter les obligations l\u00e9gales de TUBO RECTANGULAR pourront durer une dur\u00e9e maximale de 10 ans (conform\u00e9ment \u00e0 l&rsquo;article 130 du Code des imp\u00f4ts sur les soci\u00e9t\u00e9s), \u00e0 l&rsquo;issue de laquelle elles seront supprim\u00e9es.<br \/>S\u00e9curit\u00e9 des donn\u00e9es:<br \/>TUBO RECTANGULAR a pris les mesures techniques et organisationnelles n\u00e9cessaires pour prot\u00e9ger ad\u00e9quatement vos donn\u00e9es contre tout traitement et acc\u00e8s non autoris\u00e9s.<br \/>TUBO RECTANGULAR met en \u0153uvre tous les efforts raisonnables pour emp\u00eacher l&rsquo;utilisation non autoris\u00e9e ou ill\u00e9gale des donn\u00e9es personnelles de l&rsquo;utilisateur, ainsi que leur perte, destruction ou dommage. Toutefois, TUBO RECTANGULAR ne peut fournir une garantie absolue concernant les donn\u00e9es des Utilisateurs. En cas de fuite, perte ou violation de donn\u00e9es personnelles susceptible de pr\u00e9senter un risque \u00e9lev\u00e9 pour les droits et libert\u00e9s de ses Clients et Utilisateurs, TUBO RECTANGULAR :<br \/>Pr\u00e9venir, dans les 72 heures suivant la connaissance de l&rsquo;incident, les autorit\u00e9s de contr\u00f4le<br \/>Communiquer la situation \u00e0 la ou aux personnes concern\u00e9es en temps opportun.<\/p><p>TUBO RECTANGULAR garantit la s\u00e9curit\u00e9 des donn\u00e9es personnelles de l&rsquo;utilisateur par les moyens suivants : (1) utilisation du cryptage avec certificat dans toutes les communications du site Web, (2) utilisation d&rsquo;un mot de passe pour acc\u00e9der au site Web ; et (3) limiter l&rsquo;acc\u00e8s aux donn\u00e9es personnelles (par exemple, acc\u00e8s uniquement aux employ\u00e9s ou travailleurs de TUBO RECTANGULAR qui ont besoin d&rsquo;y acc\u00e9der aux fins d\u00e9crites ci-dessus).<\/p><p><strong>Liens externes:<\/strong><br \/>Le site Web, les microsites et les plateformes sociales de TUBO RECTANGULAR peuvent contenir des liens vers d&rsquo;autres sites Web et adresses e-mail de soci\u00e9t\u00e9s n&rsquo;appartenant pas \u00e0 TUBO RECTANGULAR ; cette politique de confidentialit\u00e9 ne s&rsquo;applique pas \u00e0 ces sites Web et adresses e-mail.<br \/>Si l&rsquo;Utilisateur acc\u00e8de \u00e0 un lien disponible sur le site Internet TUBO RECTANGULAR et les plateformes sociales vers un autre site Internet et fournit des donn\u00e9es personnelles sur ce site Internet, le traitement des donn\u00e9es sera soumis \u00e0 la d\u00e9claration de confidentialit\u00e9 de ce site Internet.<\/p><p><strong>Cookies:<\/strong><br \/>Le site Internet TUBO RECTANGULAR utilise des cookies dans certains domaines.<br \/>Les cookies sont des fichiers qui stockent des informations sur le disque dur ou le navigateur de l&rsquo;utilisateur, permettant aux sites Web de le reconna\u00eetre et de savoir qu&rsquo;il les a d\u00e9j\u00e0 visit\u00e9s.<br \/>L&rsquo;utilisateur peut configurer son navigateur pour refuser les cookies, mais dans ce cas, le site Internet ou certaines parties de celui-ci risquent de ne pas fonctionner correctement.<br \/>Les cookies nous permettent d&rsquo;am\u00e9liorer notre site Web afin que nous connaissions le nombre d&rsquo;utilisateurs uniques qui nous visitent et quelles pages sont visit\u00e9es. Cela nous permet de savoir quel contenu int\u00e9resse nos utilisateurs. En gardant ces am\u00e9liorations \u00e0 l\u2019esprit, nous utilisons Google Analytics, un outil de statistiques. Les informations collect\u00e9es lors de ce processus sont totalement anonymes et remplissent uniquement une fonction statistique.<\/p><p><strong>Droits de l&rsquo;utilisateur:<\/strong><br \/>Conform\u00e9ment \u00e0 la loi sur la protection des donn\u00e9es personnelles, l&rsquo;utilisateur a le droit d&rsquo;obtenir des informations sur ses donn\u00e9es personnelles. Vous avez le droit de savoir quelles donn\u00e9es personnelles ont \u00e9t\u00e9 trait\u00e9es par TUBO RECTANGULAR, et vous pouvez \u00e9galement lui demander de corriger, compl\u00e9ter, bloquer ou supprimer les donn\u00e9es en tout ou en partie si elles s&rsquo;av\u00e8rent incompl\u00e8tes, incorrectes ou non pertinentes aux fins du traitement.<br \/>La mise \u00e0 jour des donn\u00e9es doit \u00eatre communiqu\u00e9e par l&rsquo;utilisateur \u00e0 l&rsquo;aide du formulaire cr\u00e9\u00e9 \u00e0 cet effet ou par courrier \u00e9lectronique geral@tuborectangular.pt.<br \/>Si vous souhaitez, \u00e0 tout moment, cesser de faire partie de la base de donn\u00e9es TUBO RECTANGULAR, vous pouvez exercer ce droit en nous contactant par email geral@tuborectangular.pt.<\/p>\t\t\t\t\t\t\t\t<\/div>\n\t\t\t\t<\/div>\n\t\t\t\t<div class=\"elementor-element elementor-element-8f76f95 elementor-widget elementor-widget-spacer\" data-id=\"8f76f95\" data-element_type=\"widget\" data-e-type=\"widget\" data-widget_type=\"spacer.default\">\n\t\t\t\t<div class=\"elementor-widget-container\">\n\t\t\t\t\t\t\t<div class=\"elementor-spacer\">\n\t\t\t<div class=\"elementor-spacer-inner\"><\/div>\n\t\t<\/div>\n\t\t\t\t\t\t<\/div>\n\t\t\t\t<\/div>\n\t\t\t\t\t<\/div>\n\t\t<\/div>\n\t\t\t\t\t<\/div>\n\t\t<\/section>\n\t\t\t\t<\/div>\n\t\t","protected":false},"excerpt":{"rendered":"<p>La confidentialit\u00e9 des utilisateurs est importante pour la soci\u00e9t\u00e9 Tubo Rectangular Unipessoal, Lda, ci-apr\u00e8s d\u00e9nomm\u00e9e TUBO RECTANGULAR. TUBO RECTANGULAR s&rsquo;engage \u00e0 garantir la confidentialit\u00e9 et le respect de la vie priv\u00e9e dans la collecte et le traitement des donn\u00e9es de ses Clients et Utilisateurs, en respectant ses obligations en vertu du R\u00e8glement G\u00e9n\u00e9ral sur la [&hellip;]<\/p>\n","protected":false},"author":1,"featured_media":0,"parent":0,"menu_order":0,"comment_status":"closed","ping_status":"closed","template":"page-templates\/full-width.php","meta":{"footnotes":""},"class_list":["post-2136","page","type-page","status-publish","hentry"],"_links":{"self":[{"href":"https:\/\/tuborectangular.pt\/fr\/wp-json\/wp\/v2\/pages\/2136","targetHints":{"allow":["GET"]}}],"collection":[{"href":"https:\/\/tuborectangular.pt\/fr\/wp-json\/wp\/v2\/pages"}],"about":[{"href":"https:\/\/tuborectangular.pt\/fr\/wp-json\/wp\/v2\/types\/page"}],"author":[{"embeddable":true,"href":"https:\/\/tuborectangular.pt\/fr\/wp-json\/wp\/v2\/users\/1"}],"replies":[{"embeddable":true,"href":"https:\/\/tuborectangular.pt\/fr\/wp-json\/wp\/v2\/comments?post=2136"}],"version-history":[{"count":14,"href":"https:\/\/tuborectangular.pt\/fr\/wp-json\/wp\/v2\/pages\/2136\/revisions"}],"predecessor-version":[{"id":2789,"href":"https:\/\/tuborectangular.pt\/fr\/wp-json\/wp\/v2\/pages\/2136\/revisions\/2789"}],"wp:attachment":[{"href":"https:\/\/tuborectangular.pt\/fr\/wp-json\/wp\/v2\/media?parent=2136"}],"curies":[{"name":"wp","href":"https:\/\/api.w.org\/{rel}","templated":true}]}}