{"id":2132,"date":"2023-10-31T15:10:15","date_gmt":"2023-10-31T15:10:15","guid":{"rendered":"https:\/\/tuborectangular.pt\/politique-de-cookies\/"},"modified":"2023-11-01T20:29:49","modified_gmt":"2023-11-01T20:29:49","slug":"politique-de-cookies","status":"publish","type":"page","link":"https:\/\/tuborectangular.pt\/fr\/politique-de-cookies\/","title":{"rendered":"Politique de Cookies"},"content":{"rendered":"\t\t<div data-elementor-type=\"wp-page\" data-elementor-id=\"2132\" class=\"elementor elementor-2132 elementor-963\">\n\t\t\t\t\t\t<section class=\"elementor-section elementor-top-section elementor-element elementor-element-ca68f39 elementor-section-boxed elementor-section-height-default elementor-section-height-default\" data-id=\"ca68f39\" data-element_type=\"section\" data-e-type=\"section\">\n\t\t\t\t\t\t<div class=\"elementor-container elementor-column-gap-default\">\n\t\t\t\t\t<div class=\"elementor-column elementor-col-100 elementor-top-column elementor-element elementor-element-6190895\" data-id=\"6190895\" data-element_type=\"column\" data-e-type=\"column\">\n\t\t\t<div class=\"elementor-widget-wrap elementor-element-populated\">\n\t\t\t\t\t\t<div class=\"elementor-element elementor-element-5085166 elementor-widget elementor-widget-spacer\" data-id=\"5085166\" data-element_type=\"widget\" data-e-type=\"widget\" data-widget_type=\"spacer.default\">\n\t\t\t\t<div class=\"elementor-widget-container\">\n\t\t\t\t\t\t\t<div class=\"elementor-spacer\">\n\t\t\t<div class=\"elementor-spacer-inner\"><\/div>\n\t\t<\/div>\n\t\t\t\t\t\t<\/div>\n\t\t\t\t<\/div>\n\t\t\t\t<div class=\"elementor-element elementor-element-194fd7e elementor-widget elementor-widget-text-editor\" data-id=\"194fd7e\" data-element_type=\"widget\" data-e-type=\"widget\" data-widget_type=\"text-editor.default\">\n\t\t\t\t<div class=\"elementor-widget-container\">\n\t\t\t\t\t\t\t\t\t<p><strong>Que sont les cookies et comment fonctionnent-ils ?<\/strong><br \/>Les cookies sont de petits morceaux de code stock\u00e9s sur votre appareil. Les cookies ne contiennent aucune information personnelle et ne sont pas fonctionnels, c&rsquo;est-\u00e0-dire qu&rsquo;il ne s&rsquo;agit pas de programmes mais de simples fichiers texte. Lors de votre premi\u00e8re visite sur nos sites Internet, un cookie est t\u00e9l\u00e9charg\u00e9 sur votre appareil. Les fois suivantes, nos sites Web reconnaissent ce cookie et \u00ab savent \u00bb que vous avez d\u00e9j\u00e0 visit\u00e9 notre site Web. Le r\u00f4le des cookies est b\u00e9n\u00e9fique pour les utilisateurs car il am\u00e9liore leur exp\u00e9rience sur les sites Web fr\u00e9quemment visit\u00e9s.<\/p><p><strong>Pourquoi utilisons-nous les cookies ?<\/strong><br \/>Les cookies nous permettent d&rsquo;am\u00e9liorer notre site Web afin que nous connaissions le nombre d&rsquo;utilisateurs uniques qui nous visitent et quelles pages sont visit\u00e9es. Cela nous permet de savoir quel contenu int\u00e9resse nos utilisateurs. En gardant ces am\u00e9liorations \u00e0 l\u2019esprit, nous utilisons Google Analytics, un outil de statistiques. Les informations collect\u00e9es lors de ce processus sont totalement anonymes et remplissent uniquement une fonction statistique.<\/p><p><strong>Comment contr\u00f4ler les cookies ?<\/strong><br \/>Les navigateurs tels qu&rsquo;Internet Explorer, Firefox, Google Chrome et Safari permettent de modifier les autorisations en mati\u00e8re de cookies pour emp\u00eacher les cookies d&rsquo;\u00eatre accept\u00e9s par votre appareil. Toutefois, une telle restriction peut affecter votre exp\u00e9rience utilisateur. La section \u00ab Aide \u00bb de votre navigateur peut vous fournir les \u00e9tapes n\u00e9cessaires pour effectuer une telle modification.<\/p>\t\t\t\t\t\t\t\t<\/div>\n\t\t\t\t<\/div>\n\t\t\t\t<div class=\"elementor-element elementor-element-8f76f95 elementor-widget elementor-widget-spacer\" data-id=\"8f76f95\" data-element_type=\"widget\" data-e-type=\"widget\" data-widget_type=\"spacer.default\">\n\t\t\t\t<div class=\"elementor-widget-container\">\n\t\t\t\t\t\t\t<div class=\"elementor-spacer\">\n\t\t\t<div class=\"elementor-spacer-inner\"><\/div>\n\t\t<\/div>\n\t\t\t\t\t\t<\/div>\n\t\t\t\t<\/div>\n\t\t\t\t\t<\/div>\n\t\t<\/div>\n\t\t\t\t\t<\/div>\n\t\t<\/section>\n\t\t\t\t<\/div>\n\t\t","protected":false},"excerpt":{"rendered":"<p>Que sont les cookies et comment fonctionnent-ils ?Les cookies sont de petits morceaux de code stock\u00e9s sur votre appareil. Les cookies ne contiennent aucune information personnelle et ne sont pas fonctionnels, c&rsquo;est-\u00e0-dire qu&rsquo;il ne s&rsquo;agit pas de programmes mais de simples fichiers texte. Lors de votre premi\u00e8re visite sur nos sites Internet, un cookie est [&hellip;]<\/p>\n","protected":false},"author":1,"featured_media":0,"parent":0,"menu_order":0,"comment_status":"closed","ping_status":"closed","template":"page-templates\/full-width.php","meta":{"footnotes":""},"class_list":["post-2132","page","type-page","status-publish","hentry"],"_links":{"self":[{"href":"https:\/\/tuborectangular.pt\/fr\/wp-json\/wp\/v2\/pages\/2132","targetHints":{"allow":["GET"]}}],"collection":[{"href":"https:\/\/tuborectangular.pt\/fr\/wp-json\/wp\/v2\/pages"}],"about":[{"href":"https:\/\/tuborectangular.pt\/fr\/wp-json\/wp\/v2\/types\/page"}],"author":[{"embeddable":true,"href":"https:\/\/tuborectangular.pt\/fr\/wp-json\/wp\/v2\/users\/1"}],"replies":[{"embeddable":true,"href":"https:\/\/tuborectangular.pt\/fr\/wp-json\/wp\/v2\/comments?post=2132"}],"version-history":[{"count":5,"href":"https:\/\/tuborectangular.pt\/fr\/wp-json\/wp\/v2\/pages\/2132\/revisions"}],"predecessor-version":[{"id":2772,"href":"https:\/\/tuborectangular.pt\/fr\/wp-json\/wp\/v2\/pages\/2132\/revisions\/2772"}],"wp:attachment":[{"href":"https:\/\/tuborectangular.pt\/fr\/wp-json\/wp\/v2\/media?parent=2132"}],"curies":[{"name":"wp","href":"https:\/\/api.w.org\/{rel}","templated":true}]}}