{"id":2128,"date":"2023-10-31T15:07:27","date_gmt":"2023-10-31T15:07:27","guid":{"rendered":"https:\/\/tuborectangular.pt\/contacts\/"},"modified":"2026-02-24T19:29:47","modified_gmt":"2026-02-24T19:29:47","slug":"contacts","status":"publish","type":"page","link":"https:\/\/tuborectangular.pt\/fr\/contacts\/","title":{"rendered":"Contacts"},"content":{"rendered":"\t\t<div data-elementor-type=\"wp-page\" data-elementor-id=\"2128\" class=\"elementor elementor-2128 elementor-290\">\n\t\t\t\t\t\t<section class=\"elementor-section elementor-top-section elementor-element elementor-element-9b34d8c elementor-section-boxed elementor-section-height-default elementor-section-height-default\" data-id=\"9b34d8c\" data-element_type=\"section\" data-e-type=\"section\">\n\t\t\t\t\t\t<div class=\"elementor-container elementor-column-gap-default\">\n\t\t\t\t\t<div class=\"elementor-column elementor-col-33 elementor-top-column elementor-element elementor-element-866aaac\" data-id=\"866aaac\" data-element_type=\"column\" data-e-type=\"column\">\n\t\t\t<div class=\"elementor-widget-wrap elementor-element-populated\">\n\t\t\t\t\t\t<div class=\"elementor-element elementor-element-b53e00a box_align elementor-align-left elementor-widget elementor-widget-tw-icon-box\" data-id=\"b53e00a\" data-element_type=\"widget\" data-e-type=\"widget\" data-widget_type=\"tw-icon-box.default\">\n\t\t\t\t<div class=\"elementor-widget-container\">\n\t\t\t\t\t<div class=\"icon_box_05 ib5_left\">\n            <i class=\"twi-map-marker-alt2\"><\/i>\n        <div class=\"ib5_inner\">\n            \n            <h3>EMPLACEMENT<\/h3>\n                            <p>Rua da Quinta N\u00ba30 Quinta da Tourinha, Carvalhal 2540-419 Bombarral - Portugal<\/p>\n                            <a href=\"https:\/\/www.google.com\/maps\/place\/Tubo+Rectangular+-+Serralharia\/@39.30107,-9.102852,15z\/data=!4m6!3m5!1s0xd18b5040e5383b5:0xf21c3d37c0d7f787!8m2!3d39.30107!4d-9.1028516!16s%2Fg%2F11vc8ftt3d?hl=pt-PT&#038;entry=ttu\">gOOGLE mAPS<\/a>\n            <\/div>\n<\/div>\t\t\t\t<\/div>\n\t\t\t\t<\/div>\n\t\t\t\t<div class=\"elementor-element elementor-element-f6b7cfe box_align elementor-align-left elementor-widget elementor-widget-tw-icon-box\" data-id=\"f6b7cfe\" data-element_type=\"widget\" data-e-type=\"widget\" data-widget_type=\"tw-icon-box.default\">\n\t\t\t\t<div class=\"elementor-widget-container\">\n\t\t\t\t\t<div class=\"icon_box_05 ib5_left\">\n            <i class=\"twi-clock2\"><\/i>\n        <div class=\"ib5_inner\">\n            \n            <h3>TEMPS<\/h3>\n                            <p>Du lundi au samedi de 08h00 \u00e0 19h00<\/p>\n                            <a href=\"https:\/\/www.google.com\/maps\/place\/Tubo+Rectangular+-+Serralharia\/@39.30107,-9.102852,15z\/data=!4m6!3m5!1s0xd18b5040e5383b5:0xf21c3d37c0d7f787!8m2!3d39.30107!4d-9.1028516!16s%2Fg%2F11vc8ftt3d?hl=pt-PT&#038;entry=ttu\">Direc\u00e7\u00f5es<\/a>\n            <\/div>\n<\/div>\t\t\t\t<\/div>\n\t\t\t\t<\/div>\n\t\t\t\t<div class=\"elementor-element elementor-element-f3c2767 box_align elementor-align-left elementor-widget elementor-widget-tw-icon-box\" data-id=\"f3c2767\" data-element_type=\"widget\" data-e-type=\"widget\" data-widget_type=\"tw-icon-box.default\">\n\t\t\t\t<div class=\"elementor-widget-container\">\n\t\t\t\t\t<div class=\"icon_box_05 ib5_left\">\n            <i class=\"twi-headset2\"><\/i>\n        <div class=\"ib5_inner\">\n            \n            <h3>CONTACTS<\/h3>\n                            <p>+351 916 011 332 - Appeler vers le r\u00e9seau mobile national<br>\ngeral@tuborectangular.pt<\/p>\n                            <a href=\"https:\/\/www.google.com\/maps\/place\/Tubo+Rectangular+-+Serralharia\/@39.30107,-9.102852,15z\/data=!4m6!3m5!1s0xd18b5040e5383b5:0xf21c3d37c0d7f787!8m2!3d39.30107!4d-9.1028516!16s%2Fg%2F11vc8ftt3d?hl=pt-PT&#038;entry=ttu\">Retrouvez-nous sur la carte<\/a>\n            <\/div>\n<\/div>\t\t\t\t<\/div>\n\t\t\t\t<\/div>\n\t\t\t\t\t<\/div>\n\t\t<\/div>\n\t\t\t\t<div class=\"elementor-column elementor-col-66 elementor-top-column elementor-element elementor-element-7a643f7\" data-id=\"7a643f7\" data-element_type=\"column\" data-e-type=\"column\">\n\t\t\t<div class=\"elementor-widget-wrap elementor-element-populated\">\n\t\t\t\t\t\t<div class=\"elementor-element elementor-element-7d0c5f9 section_titles elementor-align-left elementor-widget elementor-widget-tw-section-title\" data-id=\"7d0c5f9\" data-element_type=\"widget\" data-e-type=\"widget\" data-widget_type=\"tw-section-title.default\">\n\t\t\t\t<div class=\"elementor-widget-container\">\n\t\t\t\t\t                    <h6 class=\"sub_title\">Prenez contact avec nous<\/h6>\n                            <h2 class=\"sec_title \">\n                                    <span>Formulaire de contact<\/span>\n                            <\/h2>\n                \t\t\t\t<\/div>\n\t\t\t\t<\/div>\n\t\t\t\t<div class=\"elementor-element elementor-element-3a1149c form_align elementor-align-center elementor-widget elementor-widget-tw-contact-form\" data-id=\"3a1149c\" data-element_type=\"widget\" data-e-type=\"widget\" data-widget_type=\"tw-contact-form.default\">\n\t\t\t\t<div class=\"elementor-widget-container\">\n\t\t\t\t\t<div class=\"cotactForm light_form\">\n<div class=\"wpcf7 no-js\" id=\"wpcf7-f2290-o1\" lang=\"fr-FR\" dir=\"ltr\" data-wpcf7-id=\"2290\">\n<div class=\"screen-reader-response\"><p role=\"status\" aria-live=\"polite\" aria-atomic=\"true\"><\/p> <ul><\/ul><\/div>\n<form action=\"\/fr\/wp-json\/wp\/v2\/pages\/2128#wpcf7-f2290-o1\" method=\"post\" class=\"wpcf7-form init\" aria-label=\"Formulaire de contact\" novalidate=\"novalidate\" data-status=\"init\">\n<fieldset class=\"hidden-fields-container\"><input type=\"hidden\" name=\"_wpcf7\" value=\"2290\" \/><input type=\"hidden\" name=\"_wpcf7_version\" value=\"6.1.5\" \/><input type=\"hidden\" name=\"_wpcf7_locale\" value=\"fr_FR\" \/><input type=\"hidden\" name=\"_wpcf7_unit_tag\" value=\"wpcf7-f2290-o1\" \/><input type=\"hidden\" name=\"_wpcf7_container_post\" value=\"0\" \/><input type=\"hidden\" name=\"_wpcf7_posted_data_hash\" value=\"\" \/>\n<\/fieldset>\n<div class=\"row\">\n\t<div class=\"col-xl-6 col-lg-6 col-md-6\">\n\t\t<div class=\"iconInput\">\n\t\t\t<p><span class=\"wpcf7-form-control-wrap\" data-name=\"text-819\"><input size=\"40\" maxlength=\"400\" class=\"wpcf7-form-control wpcf7-text wpcf7-validates-as-required\" aria-required=\"true\" aria-invalid=\"false\" placeholder=\"NOM\" value=\"\" type=\"text\" name=\"text-819\" \/><\/span><i class=\"twi-user2\"><\/i>\n\t\t\t<\/p>\n\t\t<\/div>\n\t\t<div class=\"iconInput\">\n\t\t\t<p><span class=\"wpcf7-form-control-wrap\" data-name=\"email-708\"><input size=\"40\" maxlength=\"400\" class=\"wpcf7-form-control wpcf7-email wpcf7-validates-as-required wpcf7-text wpcf7-validates-as-email\" aria-required=\"true\" aria-invalid=\"false\" placeholder=\"EMAIL\" value=\"\" type=\"email\" name=\"email-708\" \/><\/span><i class=\"twi-envelope2\"><\/i>\n\t\t\t<\/p>\n\t\t<\/div>\n\t<\/div>\n\t<div class=\"col-xl-6 col-lg-6 col-md-6\">\n\t\t<div class=\"iconInput\">\n\t\t\t<p><span class=\"wpcf7-form-control-wrap\" data-name=\"text-822\"><input size=\"40\" maxlength=\"400\" class=\"wpcf7-form-control wpcf7-text wpcf7-validates-as-required\" aria-required=\"true\" aria-invalid=\"false\" placeholder=\"SUJET\" value=\"\" type=\"text\" name=\"text-822\" \/><\/span><i class=\"twi-edit2\"><\/i>\n\t\t\t<\/p>\n\t\t<\/div>\n\t<\/div>\n\t<div class=\"col-xl-12\">\n\t\t<div class=\"iconInput\">\n\t\t\t<p><span class=\"wpcf7-form-control-wrap\" data-name=\"textarea-472\"><textarea cols=\"40\" rows=\"10\" maxlength=\"2000\" class=\"wpcf7-form-control wpcf7-textarea wpcf7-validates-as-required\" aria-required=\"true\" aria-invalid=\"false\" placeholder=\"MESSAGE\" name=\"textarea-472\"><\/textarea><\/span><i class=\"twi-pencil-alt2\"><\/i>\n\t\t\t<\/p>\n\t\t<\/div>\n\t<\/div>\n\t<div class=\"col-xl-12 text-center\">\n\t\t<p><input class=\"wpcf7-form-control wpcf7-submit has-spinner\" type=\"submit\" value=\"Envoyer\" \/>\n\t\t<\/p>\n\t<\/div>\n<\/div><div class=\"wpcf7-response-output\" aria-hidden=\"true\"><\/div>\n<\/form>\n<\/div>\n<\/div>\t\t\t\t<\/div>\n\t\t\t\t<\/div>\n\t\t\t\t\t<\/div>\n\t\t<\/div>\n\t\t\t\t\t<\/div>\n\t\t<\/section>\n\t\t\t\t<section class=\"elementor-section elementor-top-section elementor-element elementor-element-a1cdeb5 elementor-section-full_width elementor-section-height-default elementor-section-height-default\" data-id=\"a1cdeb5\" data-element_type=\"section\" data-e-type=\"section\">\n\t\t\t\t\t\t<div class=\"elementor-container elementor-column-gap-no\">\n\t\t\t\t\t<div class=\"elementor-column elementor-col-100 elementor-top-column elementor-element elementor-element-33ce901\" data-id=\"33ce901\" data-element_type=\"column\" data-e-type=\"column\">\n\t\t\t<div class=\"elementor-widget-wrap elementor-element-populated\">\n\t\t\t\t\t\t<div class=\"elementor-element elementor-element-f92f98d elementor-widget elementor-widget-tw-google-map\" data-id=\"f92f98d\" data-element_type=\"widget\" data-e-type=\"widget\" data-widget_type=\"tw-google-map.default\">\n\t\t\t\t<div class=\"elementor-widget-container\">\n\t\t\t\t\t<div class=\"gmap\"><iframe src=\"https:\/\/www.google.com\/maps\/embed?pb=!1m18!1m12!1m3!1d12351.366649261428!2d-9.134502077830403!3d39.291841253095264!2m3!1f0!2f0!3f0!3m2!1i1024!2i768!4f13.1!3m3!1m2!1s0xd18b5040e5383b5%3A0xf21c3d37c0d7f787!2sTubo%20Rectangular%20-%20Serralharia!5e0!3m2!1spt-PT!2spt!4v1698514809604!5m2!1spt-PT!2spt%20width=600%20height=450%20style=border:0;%20allowfullscreen=%20loading=lazy%20referrerpolicy=no-referrer-when-downgrade\"><\/iframe><\/div>\t\t\t\t<\/div>\n\t\t\t\t<\/div>\n\t\t\t\t\t<\/div>\n\t\t<\/div>\n\t\t\t\t\t<\/div>\n\t\t<\/section>\n\t\t\t\t<\/div>\n\t\t","protected":false},"excerpt":{"rendered":"<p>EMPLACEMENT Rua da Quinta N\u00ba30 Quinta da Tourinha, Carvalhal 2540-419 Bombarral &#8211; Portugal gOOGLE mAPS TEMPS Du lundi au samedi de 08h00 \u00e0 19h00 Direc\u00e7\u00f5es CONTACTS +351 916 011 332 &#8211; Appeler vers le r\u00e9seau mobile national geral@tuborectangular.pt Retrouvez-nous sur la carte Prenez contact avec nous Formulaire de contact<\/p>\n","protected":false},"author":1,"featured_media":0,"parent":0,"menu_order":0,"comment_status":"closed","ping_status":"closed","template":"page-templates\/full-width.php","meta":{"footnotes":""},"class_list":["post-2128","page","type-page","status-publish","hentry"],"_links":{"self":[{"href":"https:\/\/tuborectangular.pt\/fr\/wp-json\/wp\/v2\/pages\/2128","targetHints":{"allow":["GET"]}}],"collection":[{"href":"https:\/\/tuborectangular.pt\/fr\/wp-json\/wp\/v2\/pages"}],"about":[{"href":"https:\/\/tuborectangular.pt\/fr\/wp-json\/wp\/v2\/types\/page"}],"author":[{"embeddable":true,"href":"https:\/\/tuborectangular.pt\/fr\/wp-json\/wp\/v2\/users\/1"}],"replies":[{"embeddable":true,"href":"https:\/\/tuborectangular.pt\/fr\/wp-json\/wp\/v2\/comments?post=2128"}],"version-history":[{"count":11,"href":"https:\/\/tuborectangular.pt\/fr\/wp-json\/wp\/v2\/pages\/2128\/revisions"}],"predecessor-version":[{"id":2896,"href":"https:\/\/tuborectangular.pt\/fr\/wp-json\/wp\/v2\/pages\/2128\/revisions\/2896"}],"wp:attachment":[{"href":"https:\/\/tuborectangular.pt\/fr\/wp-json\/wp\/v2\/media?parent=2128"}],"curies":[{"name":"wp","href":"https:\/\/api.w.org\/{rel}","templated":true}]}}